{"id":188,"date":"2025-11-05T00:14:37","date_gmt":"2025-11-05T08:14:37","guid":{"rendered":"https:\/\/www.ovechurch.com\/?page_id=188"},"modified":"2025-11-05T00:33:31","modified_gmt":"2025-11-05T08:33:31","slug":"pastoral-counseling-training-course","status":"publish","type":"page","link":"https:\/\/www.ovechurch.com\/vi\/upcoming-events\/pastoral-counseling-training-course\/","title":{"rendered":"Pastoral Counseling Training Course"},"content":{"rendered":"<h2 class=\"wp-block-heading\"><strong>Kh\u00f3a T\u00e2m V\u1ea5n M\u1ee5c V\u1ee5<\/strong><\/h2>\n\n\n\n<p>Date: <strong>December 29\u201331, 2025<\/strong><\/p>\n\n\n\n<p>Location: <strong>Northwest Houston Church (T\u00e2y-B\u1eafc Houston Church)<\/strong><\/p>\n\n\n\n<p>OVEC k\u00ednh m\u1eddi qu\u00fd M\u1ee5c s\u01b0, Truy\u1ec1n \u0111\u1ea1o, Sinh vi\u00ean, v\u00e0 Ch\u1ea5p s\u1ef1 tham d\u1ef1 Kh\u00f3a T\u00e2m V\u1ea5n M\u1ee5c V\u1ee5 \u2013 Pastoral Counseling Training Course. <\/p>\n\n\n\n<p>\u0110\u00e2y l\u00e0 m\u1ed9t ch\u01b0\u01a1ng tr\u00ecnh \u0111\u1eb7c bi\u1ec7t gi\u00fap ng\u01b0\u1eddi h\u1ea7u vi\u1ec7c Ch\u00faa \u0111\u01b0\u1ee3c g\u00e2y d\u1ef1ng, hu\u1ea5n luy\u1ec7n, v\u00e0 trang b\u1ecb th\u00eam k\u1ef9 n\u0103ng l\u00e3nh \u0111\u1ea1o v\u00e0 ch\u0103m s\u00f3c b\u1ea7y chi\u00ean, nh\u1eb1m ph\u1ee5c v\u1ee5 Ch\u00faa c\u00e1ch hi\u1ec7u qu\u1ea3 h\u01a1n. Ch\u1ea5p s\u1ef1: Xin H\u1ed9i Th\u00e1nh \u0111\u1ecba ph\u01b0\u01a1ng lo v\u00e9 m\u00e1y bay; OVEC lo ti\u1ec1n \u0103n v\u00e0 ti\u1ec1n ph\u00f2ng.<\/p>\n\n\n\n<p>OVEC invites pastors, evangelists, students, and deacons to join the Pastoral Counseling Training Course \u2014 a special training designed to build, equip, and strengthen God\u2019s servants in leadership and pastoral care.<\/p>\n\n\n\n<p><strong>Quy \u0111\u1ecbnh &amp; H\u1ed7 tr\u1ee3 \u2013 Regulations &amp; Support<\/strong><br>Sinh vi\u00ean: \u0110\u01b0\u1ee3c OVEC \u0111\u00e0i th\u1ecd to\u00e0n ph\u1ea7n g\u1ed3m v\u00e9 m\u00e1y bay, ti\u1ec1n \u0103n, v\u00e0 ti\u1ec1n ph\u00f2ng (share Airbnb).<br>Students: Fully sponsored by OVEC, including airfare, meals, and shared lodging (Airbnb).<\/p>\n\n\n\n<p><strong>Y\u00eau c\u1ea7u h\u1ecdc t\u1eadp \u2013 Study Requirements<\/strong><br>M\u1ed7i sinh vi\u00ean ph\u1ea3i ho\u00e0n th\u00e0nh 2 b\u00e0i lu\u1eadn v\u0103n n\u1ed9p cho M\u1ee5c s\u01b0 L\u01b0u \u0110\u1ee9c Th\u1ecd v\u1edbi 2 ch\u1ee7 \u0111\u1ec1:<br>Each student must complete two written essays to submit to Pastor L\u01b0u \u0110\u1ee9c Th\u1ecd on the following topics:<\/p>\n\n\n\n<ol class=\"wp-block-list\">\n<li>L\u00e3nh \u0111\u1ea1o \u2013 Leadership<\/li>\n\n\n\n<li>Ch\u1ee9c v\u1ee5 ch\u0103n b\u1ea7y \u2013 Pastoral Ministry<br>(Chi ti\u1ebft s\u1ebd \u0111\u01b0\u1ee3c cung c\u1ea5p trong kh\u00f3a hu\u1ea5n luy\u1ec7n. M\u1ed7i b\u00e0i d\u00e0i 8\u201310 trang.)<br>(Detailed instructions will be provided during the course. Each essay should be 8\u201310 pages long.)<\/li>\n<\/ol>\n\n\n\n<p><strong>Ghi danh \u2013 Registration<\/strong><br>Qu\u00fd M\u1ee5c s\u01b0, Truy\u1ec1n \u0111\u1ea1o, Sinh vi\u00ean, Ch\u1ea5p s\u1ef1 c\u1ea7n ghi danh tr\u01b0\u1edbc \u0111\u1ec3 BTC s\u1eafp x\u1ebfp \u0111\u01b0a \u0111\u00f3n, \u0103n, \u1edf. Khi ghi danh, vui l\u00f2ng cung c\u1ea5p: T\u00ean, tu\u1ed5i, ch\u1ee9c danh, v\u00e0 t\u00ean H\u1ed9i Th\u00e1nh \u0111\u1ecba ph\u01b0\u01a1ng.<\/p>\n\n\n\n<p><strong>Li\u00ean h\u1ec7 ghi danh \u2013 Registration Contact<\/strong><br>Email: <a>msducthoa@gmail.com<\/a><br>\u0110i\u1ec7n tho\u1ea1i \/ Tin nh\u1eafn \u2013 Phone \/ Text: 281.236.2432<\/p>\n\n\n\n<p>\ud83d\udce7 <strong>Email:<\/strong> <a>msducthoa@gmail.com<\/a><br>\ud83d\udcf1 <strong>Phone \/ Text:<\/strong> 281-236-2432<\/p>\n\n\n<div class=\"wpforms-container wpforms-block wpforms-block-c4be7d89-0097-46d2-b68e-e6f93c5985a5 wpforms-render-modern\" id=\"wpforms-191\"><form id=\"wpforms-form-191\" class=\"wpforms-validate wpforms-form wpforms-ajax-form\" data-formid=\"191\" method=\"post\" enctype=\"multipart\/form-data\" action=\"\/vi\/wp-json\/wp\/v2\/pages\/188\" data-token=\"39172b1f86d072a2c530785d3e42ec1c\" data-token-time=\"1776608051\" data-trp-original-action=\"\/vi\/wp-json\/wp\/v2\/pages\/188\"><noscript class=\"wpforms-error-noscript\">Vui l\u00f2ng b\u1eadt JavaScript trong tr\u00ecnh duy\u1ec7t c\u1ee7a b\u1ea1n \u0111\u1ec3 ho\u00e0n th\u00e0nh Form n\u00e0y.<\/noscript><div id=\"wpforms-error-noscript\" style=\"display: none;\">Vui l\u00f2ng b\u1eadt JavaScript trong tr\u00ecnh duy\u1ec7t c\u1ee7a b\u1ea1n \u0111\u1ec3 ho\u00e0n th\u00e0nh Form n\u00e0y.<\/div><div class=\"wpforms-field-container\"><div id=\"wpforms-191-field_1-container\" class=\"wpforms-field wpforms-field-name\" data-field-id=\"1\"><fieldset><legend class=\"wpforms-field-label\">Full Name <span class=\"wpforms-required-label\" aria-hidden=\"true\">*<\/span><\/legend><div class=\"wpforms-field-row wpforms-field-medium\"><div class=\"wpforms-field-row-block wpforms-first wpforms-one-half\"><input type=\"text\" id=\"wpforms-191-field_1\" class=\"wpforms-field-name-first wpforms-field-required\" name=\"wpforms[fields][1][first]\" aria-errormessage=\"wpforms-191-field_1-error\" required><label for=\"wpforms-191-field_1\" class=\"wpforms-field-sublabel after\">T\u00ean<\/label><\/div><div class=\"wpforms-field-row-block wpforms-one-half\"><input type=\"text\" id=\"wpforms-191-field_1-last\" class=\"wpforms-field-name-last wpforms-field-required\" name=\"wpforms[fields][1][last]\" aria-errormessage=\"wpforms-191-field_1-last-error\" required><label for=\"wpforms-191-field_1-last\" class=\"wpforms-field-sublabel after\">H\u1ecd<\/label><\/div><\/div><\/fieldset><\/div><div id=\"wpforms-191-field_4-container\" class=\"wpforms-field wpforms-field-text\" data-field-id=\"4\"><label class=\"wpforms-field-label\" for=\"wpforms-191-field_4\">Name of Your Local Church <span class=\"wpforms-required-label\" aria-hidden=\"true\">*<\/span><\/label><input type=\"text\" id=\"wpforms-191-field_4\" class=\"wpforms-field-medium wpforms-field-required\" name=\"wpforms[fields][4]\" aria-errormessage=\"wpforms-191-field_4-error\" required><\/div><div id=\"wpforms-191-field_3-container\" class=\"wpforms-field wpforms-field-text\" data-field-id=\"3\"><label class=\"wpforms-field-label\" for=\"wpforms-191-field_3\">Position <span class=\"wpforms-required-label\" aria-hidden=\"true\">*<\/span><\/label><input type=\"text\" id=\"wpforms-191-field_3\" class=\"wpforms-field-medium wpforms-field-required\" name=\"wpforms[fields][3]\" aria-errormessage=\"wpforms-191-field_3-error\" required><\/div>\t\t<div id=\"wpforms-191-field_5-container\"\n\t\t\tclass=\"wpforms-field wpforms-field-text\"\n\t\t\tdata-field-type=\"text\"\n\t\t\tdata-field-id=\"5\"\n\t\t\t>\n\t\t\t<label class=\"wpforms-field-label\" for=\"wpforms-191-field_5\" >Local Concerns Full<\/label>\n\t\t\t<input type=\"text\" id=\"wpforms-191-field_5\" class=\"wpforms-field-medium\" name=\"wpforms[fields][5]\" >\n\t\t<\/div>\n\t\t<div id=\"wpforms-191-field_2-container\" class=\"wpforms-field wpforms-field-number\" data-field-id=\"2\"><label class=\"wpforms-field-label\" for=\"wpforms-191-field_2\">Age <span class=\"wpforms-required-label\" aria-hidden=\"true\">*<\/span><\/label><input type=\"number\" id=\"wpforms-191-field_2\" class=\"wpforms-field-medium wpforms-field-required\" name=\"wpforms[fields][2]\" step=\"any\" aria-errormessage=\"wpforms-191-field_2-error\" required><\/div><div id=\"wpforms-191-field_8-container\" class=\"wpforms-field wpforms-field-textarea\" data-field-id=\"8\"><label class=\"wpforms-field-label\" for=\"wpforms-191-field_8\">Questions or Concerns<\/label><textarea id=\"wpforms-191-field_8\" class=\"wpforms-field-medium\" name=\"wpforms[fields][8]\" aria-errormessage=\"wpforms-191-field_8-error\" ><\/textarea><\/div><script>\n\t\t\t\t( function() {\n\t\t\t\t\tconst style = document.createElement( 'style' );\n\t\t\t\t\tstyle.appendChild( document.createTextNode( '#wpforms-191-field_5-container { position: absolute !important; overflow: hidden !important; display: inline !important; height: 1px !important; width: 1px !important; z-index: -1000 !important; padding: 0 !important; } #wpforms-191-field_5-container input { visibility: hidden; } #wpforms-conversational-form-page #wpforms-191-field_5-container label { counter-increment: none; }' ) );\n\t\t\t\t\tdocument.head.appendChild( style );\n\t\t\t\t\tdocument.currentScript?.remove();\n\t\t\t\t} )();\n\t\t\t<\/script><\/div><!-- .wpforms-field-container --><div class=\"wpforms-submit-container\" ><input type=\"hidden\" name=\"wpforms[id]\" value=\"191\"><input type=\"hidden\" name=\"page_title\" value=\"\"><input type=\"hidden\" name=\"page_url\" value=\"https:\/\/www.ovechurch.com\/vi\/wp-json\/wp\/v2\/pages\/188\"><input type=\"hidden\" name=\"url_referer\" value=\"\"><button type=\"submit\" name=\"wpforms[submit]\" id=\"wpforms-submit-191\" class=\"wpforms-submit\" data-alt-text=\"Sending your response..\" data-submit-text=\"Register\" aria-live=\"assertive\" value=\"wpforms-submit\">Register<\/button><img loading=\"lazy\" decoding=\"async\" src=\"https:\/\/www.ovechurch.com\/wp-content\/plugins\/wpforms-lite\/assets\/images\/submit-spin.svg\" class=\"wpforms-submit-spinner\" style=\"display: none;\" width=\"26\" height=\"26\" alt=\"\u0110ang t\u1ea3i\"><\/div><input type=\"hidden\" name=\"trp-form-language\" value=\"vi\"\/><\/form><\/div>  <!-- .wpforms-container -->","protected":false},"excerpt":{"rendered":"<p>Kh\u00f3a T\u00e2m V\u1ea5n M\u1ee5c V\u1ee5 Date: December 29\u201331, 2025 Location: Northwest Houston Church (T\u00e2y-B\u1eafc Houston Church) OVEC k\u00ednh m\u1eddi qu\u00fd M\u1ee5c s\u01b0, Truy\u1ec1n \u0111\u1ea1o, Sinh vi\u00ean, v\u00e0 Ch\u1ea5p s\u1ef1 tham d\u1ef1 Kh\u00f3a T\u00e2m V\u1ea5n M\u1ee5c V\u1ee5 \u2013 Pastoral Counseling Training Course. \u0110\u00e2y l\u00e0 m\u1ed9t ch\u01b0\u01a1ng tr\u00ecnh \u0111\u1eb7c bi\u1ec7t gi\u00fap ng\u01b0\u1eddi h\u1ea7u vi\u1ec7c Ch\u00faa \u0111\u01b0\u1ee3c g\u00e2y [&hellip;]<\/p>","protected":false},"author":1,"featured_media":0,"parent":29,"menu_order":0,"comment_status":"closed","ping_status":"closed","template":"page-with-title","meta":{"give_campaign_id":0,"_price":"","_stock":"","_tribe_ticket_header":"","_tribe_default_ticket_provider":"","_tribe_ticket_capacity":"0","_ticket_start_date":"","_ticket_end_date":"","_tribe_ticket_show_description":"","_tribe_ticket_show_not_going":false,"_tribe_ticket_use_global_stock":"","_tribe_ticket_global_stock_level":"","_global_stock_mode":"","_global_stock_cap":"","_tribe_rsvp_for_event":"","_tribe_ticket_going_count":"","_tribe_ticket_not_going_count":"","_tribe_tickets_list":"[]","_tribe_ticket_has_attendee_info_fields":false,"footnotes":""},"class_list":["post-188","page","type-page","status-publish","hentry"],"aioseo_notices":[],"campaignId":"","_links":{"self":[{"href":"https:\/\/www.ovechurch.com\/vi\/wp-json\/wp\/v2\/pages\/188","targetHints":{"allow":["GET"]}}],"collection":[{"href":"https:\/\/www.ovechurch.com\/vi\/wp-json\/wp\/v2\/pages"}],"about":[{"href":"https:\/\/www.ovechurch.com\/vi\/wp-json\/wp\/v2\/types\/page"}],"author":[{"embeddable":true,"href":"https:\/\/www.ovechurch.com\/vi\/wp-json\/wp\/v2\/users\/1"}],"replies":[{"embeddable":true,"href":"https:\/\/www.ovechurch.com\/vi\/wp-json\/wp\/v2\/comments?post=188"}],"version-history":[{"count":3,"href":"https:\/\/www.ovechurch.com\/vi\/wp-json\/wp\/v2\/pages\/188\/revisions"}],"predecessor-version":[{"id":198,"href":"https:\/\/www.ovechurch.com\/vi\/wp-json\/wp\/v2\/pages\/188\/revisions\/198"}],"up":[{"embeddable":true,"href":"https:\/\/www.ovechurch.com\/vi\/wp-json\/wp\/v2\/pages\/29"}],"wp:attachment":[{"href":"https:\/\/www.ovechurch.com\/vi\/wp-json\/wp\/v2\/media?parent=188"}],"curies":[{"name":"wp","href":"https:\/\/api.w.org\/{rel}","templated":true}]}}